{"id":15404,"date":"2022-12-02T12:52:37","date_gmt":"2022-12-02T17:52:37","guid":{"rendered":"\/holiday-sparkle\/"},"modified":"2024-06-11T14:01:52","modified_gmt":"2024-06-11T18:01:52","slug":"holiday-sparkle","status":"publish","type":"page","link":"\/es\/holiday-sparkle\/","title":{"rendered":"HOLIDAY SPARKLE"},"content":{"rendered":"<p>[et_pb_section fb_built=&#8221;1&#8243; specialty=&#8221;on&#8221; _builder_version=&#8221;4.16&#8243; _module_preset=&#8221;default&#8221; global_colors_info=&#8221;{}&#8221;][et_pb_column type=&#8221;1_2&#8243; _builder_version=&#8221;4.16&#8243; custom_padding=&#8221;|||&#8221; global_colors_info=&#8221;{}&#8221; custom_padding__hover=&#8221;|||&#8221;][et_pb_gallery gallery_ids=&#8221;8253,15042&#8243; fullwidth=&#8221;on&#8221; _builder_version=&#8221;4.23.1&#8243; _module_preset=&#8221;default&#8221; hover_enabled=&#8221;0&#8243; global_colors_info=&#8221;{}&#8221; sticky_enabled=&#8221;0&#8243;][\/et_pb_gallery][et_pb_gallery gallery_ids=&#8221;11128,14146,10576&#8243; fullwidth=&#8221;on&#8221; _builder_version=&#8221;4.16&#8243; _module_preset=&#8221;default&#8221; custom_padding=&#8221;||0px|||&#8221; global_colors_info=&#8221;{}&#8221;][\/et_pb_gallery][\/et_pb_column][et_pb_column type=&#8221;1_2&#8243; specialty_columns=&#8221;2&#8243; _builder_version=&#8221;4.16&#8243; custom_padding=&#8221;|||&#8221; global_colors_info=&#8221;{}&#8221; custom_padding__hover=&#8221;|||&#8221;][et_pb_row_inner _builder_version=&#8221;4.16&#8243; _module_preset=&#8221;default&#8221; global_colors_info=&#8221;{}&#8221;][et_pb_column_inner saved_specialty_column_type=&#8221;1_2&#8243; _builder_version=&#8221;4.16&#8243; _module_preset=&#8221;default&#8221; global_colors_info=&#8221;{}&#8221;][et_pb_text _builder_version=&#8221;4.16&#8243; _module_preset=&#8221;default&#8221; text_font=&#8221;Lato||||||||&#8221; text_text_color=&#8221;#000000&#8243; text_font_size=&#8221;16px&#8221; text_line_height=&#8221;1.5em&#8221; header_font=&#8221;Tenor Sans|700|||||||&#8221; header_text_color=&#8221;#000000&#8243; header_font_size=&#8221;28px&#8221; header_line_height=&#8221;1.5em&#8221; custom_margin=&#8221;10px||10px||false|false&#8221; custom_padding=&#8221;10px||10px||false|false&#8221; global_colors_info=&#8221;{}&#8221;]<\/p>\n<h1>PAQUETE DE HOLIDAY SPARKLE<\/h1>\n<p>Este paquete es una oferta exclusiva de Holiday 2023. Se puede comprar hasta el 31 de diciembre a las 11:59pm ET.<\/p>\n<p class=\"my-0.5\">Este d\u00fao \u00fanico de Bravenly Bliss y Bravenly Glow est\u00e1 meticulosamente elaborado para a\u00f1adir un toque de brillo a tus celebraciones festivas.<\/p>\n<p class=\"my-0.5\"><strong class=\"font-heavy\">Bravenly Bliss<\/strong>: Sum\u00e9rgete en el relajante mundo de la relajaci\u00f3n con Bravenly Bliss. Este lujoso exfoliante de menta, enriquecido con aceites esenciales, hace maravillas en su piel, dej\u00e1ndola con una sensaci\u00f3n refrescante, suave y revitalizada. El vigorizante aroma de la menta te levantar\u00e1 el \u00e1nimo, convirti\u00e9ndolo en el ant\u00eddoto perfecto contra el estr\u00e9s de las fiestas.\u2020<\/p>\n<p class=\"my-0.5\"><strong class=\"font-heavy\">Bravenly Glow<\/strong>: Complemente su piel fresca con el brillo radiante de este exquisito producto. Dise\u00f1ado para realzar tu belleza natural, Bravenly Glow proporciona a tu piel un brillo juvenil y luminoso que combina con el brillo festivo de las fiestas.\u2020<\/p>\n<p class=\"my-0.5\">Combinados, Bravenly Bliss y Bravenly Glow forman el Paquete de Holiday Sparkle, una celebraci\u00f3n de la luminiscencia. Es el regalo perfecto para ti mismo o un regalo para tus seres queridos, ofreciendo una mezcla \u00fanica de rejuvenecimiento y luminosidad.\u2020<\/p>\n<p>Hasta agotar stock. TODAS LAS VENTAS FINALES.<\/p>\n<p>&nbsp;<\/p>\n<p><strong>$91.80 AL POR MENOR<\/strong><\/p>\n<p><strong>$82.62 VIP<\/strong><\/p>\n<p><strong>(VALOR DE $102)<\/strong><\/p>\n<p>[\/et_pb_text][\/et_pb_column_inner][\/et_pb_row_inner][et_pb_row_inner _builder_version=&#8221;4.16&#8243; _module_preset=&#8221;default&#8221; custom_padding=&#8221;0px||0px|||&#8221; link_option_url=&#8221;https:\/\/shop.bydesign.com\/Bravenly\/#\/shop\/detail\/GOLDBREW\/from\/&#8221; global_colors_info=&#8221;{}&#8221;][et_pb_column_inner saved_specialty_column_type=&#8221;1_2&#8243; _builder_version=&#8221;4.16&#8243; _module_preset=&#8221;default&#8221; global_colors_info=&#8221;{}&#8221;][et_pb_button button_url=&#8221;https:\/\/shop.bydesign.com\/Bravenly\/#\/shop\/detail\/SPARKLE\/from\/&#8221; button_text=&#8221;A\u00d1ADIR AL CARRITO&#8221; _builder_version=&#8221;4.16&#8243; _module_preset=&#8221;default&#8221; custom_button=&#8221;on&#8221; button_text_size=&#8221;16px&#8221; button_text_color=&#8221;#000000&#8243; button_border_color=&#8221;#000000&#8243; button_font=&#8221;Lato||||||||&#8221; global_colors_info=&#8221;{}&#8221;][\/et_pb_button][\/et_pb_column_inner][\/et_pb_row_inner][\/et_pb_column][\/et_pb_section][et_pb_section fb_built=&#8221;1&#8243; _builder_version=&#8221;4.16&#8243; _module_preset=&#8221;default&#8221; global_colors_info=&#8221;{}&#8221;][et_pb_row _builder_version=&#8221;4.16&#8243; _module_preset=&#8221;default&#8221; min_height=&#8221;193px&#8221; custom_margin=&#8221;|auto|2px|auto||&#8221; custom_padding=&#8221;0px||0px|||&#8221; global_colors_info=&#8221;{}&#8221;][et_pb_column type=&#8221;4_4&#8243; _builder_version=&#8221;4.16&#8243; _module_preset=&#8221;default&#8221; global_colors_info=&#8221;{}&#8221;][et_pb_toggle title=&#8221;Detalles&#8221; open_toggle_text_color=&#8221;#000000&#8243; open_toggle_background_color=&#8221;#ffffff&#8221; closed_toggle_background_color=&#8221;#ffffff&#8221; _builder_version=&#8221;4.16&#8243; _module_preset=&#8221;default&#8221; title_text_color=&#8221;#000000&#8243; title_font=&#8221;Lato|700|||||||&#8221; closed_title_font=&#8221;Lato|700|||||||&#8221; closed_title_line_height=&#8221;1em&#8221; body_font=&#8221;Lato||||||||&#8221; body_text_color=&#8221;#000000&#8243; body_font_size=&#8221;16px&#8221; body_line_height=&#8221;1.5em&#8221; min_height=&#8221;59px&#8221; custom_margin=&#8221;2px||2px|||&#8221; custom_padding=&#8221;||12px|||&#8221; global_colors_info=&#8221;{}&#8221;]<\/p>\n<p><span class=\"JsGRdQ\">Este paquete incluye: <\/span><\/p>\n<p><span class=\"JsGRdQ\">1 bolsa de BLISS &#8211; Exfoliante Corporal de Menta<br \/>1 botellita de GLOW &#8211; Gomitas de Belleza Avanzada<\/span><\/p>\n<p>[\/et_pb_toggle][et_pb_toggle title=&#8221;Ingredientes&#8221; open_toggle_text_color=&#8221;#000000&#8243; open_toggle_background_color=&#8221;#ffffff&#8221; closed_toggle_background_color=&#8221;#ffffff&#8221; _builder_version=&#8221;4.16&#8243; _module_preset=&#8221;default&#8221; title_text_color=&#8221;#000000&#8243; title_font=&#8221;Lato|700|||||||&#8221; closed_title_font=&#8221;Lato|700|||||||&#8221; closed_title_line_height=&#8221;1em&#8221; body_font=&#8221;Lato||||||||&#8221; body_text_color=&#8221;#000000&#8243; body_font_size=&#8221;16px&#8221; body_line_height=&#8221;1.5em&#8221; min_height=&#8221;59px&#8221; custom_margin=&#8221;2px||2px|||&#8221; custom_padding=&#8221;||12px|||&#8221; global_colors_info=&#8221;{}&#8221;]<\/p>\n<p>Consulte las p\u00e1ginas de cada producto para obtener m\u00e1s informaci\u00f3n.<\/p>\n<p>[\/et_pb_toggle][et_pb_toggle title=&#8221;Easy-Ship&#8221; open_toggle_text_color=&#8221;#000000&#8243; open_toggle_background_color=&#8221;#ffffff&#8221; closed_toggle_background_color=&#8221;#ffffff&#8221; _builder_version=&#8221;4.16&#8243; _module_preset=&#8221;default&#8221; title_text_color=&#8221;#000000&#8243; title_font=&#8221;Lato|700|||||||&#8221; closed_title_font=&#8221;Lato|700|||||||&#8221; closed_title_line_height=&#8221;1em&#8221; body_font=&#8221;Lato||||||||&#8221; body_text_color=&#8221;#000000&#8243; body_font_size=&#8221;16px&#8221; body_line_height=&#8221;1.5em&#8221; min_height=&#8221;59px&#8221; custom_margin=&#8221;2px||2px|||&#8221; custom_padding=&#8221;||12px|||&#8221; global_colors_info=&#8221;{}&#8221;]<\/p>\n<p>Este paquete no est\u00e1 disponible en Easy-Ship.<\/p>\n<p>[\/et_pb_toggle][\/et_pb_column][\/et_pb_row][\/et_pb_section][et_pb_section fb_built=&#8221;1&#8243; _builder_version=&#8221;4.16&#8243; _module_preset=&#8221;default&#8221; global_colors_info=&#8221;{}&#8221;][et_pb_row _builder_version=&#8221;4.16&#8243; _module_preset=&#8221;default&#8221; global_colors_info=&#8221;{}&#8221;][et_pb_column type=&#8221;4_4&#8243; _builder_version=&#8221;4.16&#8243; _module_preset=&#8221;default&#8221; global_colors_info=&#8221;{}&#8221;][et_pb_text _builder_version=&#8221;4.16&#8243; _module_preset=&#8221;default&#8221; text_font=&#8221;Lato||||||||&#8221; text_text_color=&#8221;#000000&#8243; text_font_size=&#8221;19px&#8221; border_width_all=&#8221;2px&#8221; global_colors_info=&#8221;{}&#8221;]<\/p>\n<p>\u2020Estas declaraciones no han sido evaluadas por la Administraci\u00f3n de Alimentos y Medicamentos (FDA). Este producto no est\u00e1 destinado a diagnosticar, tratar, curar o prevenir ninguna enfermedad.<\/p>\n<p>[\/et_pb_text][\/et_pb_column][\/et_pb_row][\/et_pb_section][et_pb_section fb_built=&#8221;1&#8243; _builder_version=&#8221;4.16&#8243; background_enable_image=&#8221;off&#8221; background_position=&#8221;bottom_center&#8221; min_height=&#8221;762px&#8221; custom_margin=&#8221;||-100px||false|false&#8221; custom_padding=&#8221;1px|0px|0px|0px||&#8221; global_colors_info=&#8221;{}&#8221;][et_pb_row column_structure=&#8221;1_2,1_2&#8243; admin_label=&#8221;CTA Row&#8221; _builder_version=&#8221;4.16&#8243; min_height=&#8221;525px&#8221; custom_margin=&#8221;|auto|1px|auto||&#8221; custom_padding=&#8221;||0px|||&#8221; global_colors_info=&#8221;{}&#8221;][et_pb_column type=&#8221;1_2&#8243; _builder_version=&#8221;4.16&#8243; background_enable_image=&#8221;off&#8221; custom_padding=&#8221;|||&#8221; global_colors_info=&#8221;{}&#8221; custom_padding__hover=&#8221;|||&#8221;][et_pb_image src=&#8221;\/wp-content\/uploads\/2023\/11\/4.png&#8221; title_text=&#8221;4&#8243; align=&#8221;center&#8221; src_tablet=&#8221;&#8221; src_phone=&#8221;&#8221; src_last_edited=&#8221;on|phone&#8221; align_tablet=&#8221;center&#8221; align_phone=&#8221;&#8221; align_last_edited=&#8221;on|desktop&#8221; admin_label=&#8221;Cleanses Image&#8221; _builder_version=&#8221;4.16&#8243; min_height=&#8221;438px&#8221; min_height_tablet=&#8221;&#8221; min_height_phone=&#8221;244px&#8221; min_height_last_edited=&#8221;on|phone&#8221; height=&#8221;220px&#8221; custom_margin=&#8221;5px||45px||false|false&#8221; custom_padding=&#8221;|5px|50px|5px|false|false&#8221; global_colors_info=&#8221;{}&#8221;][\/et_pb_image][\/et_pb_column][et_pb_column type=&#8221;1_2&#8243; _builder_version=&#8221;4.16&#8243; custom_padding=&#8221;|||&#8221; global_colors_info=&#8221;{}&#8221; custom_padding__hover=&#8221;|||&#8221;][et_pb_cta title=&#8221;POR QU\u00c9 CREAMOS LOS PAQUETES DE BRAVENLY&#8221; button_url=&#8221;https:\/\/shop.bydesign.com\/Bravenly\/#\/shop\/detail\/SPARKLE\/from\/&#8221; url_new_window=&#8221;on&#8221; button_text=&#8221;COMPRAR HOLIDAY SPARKLE&#8221; admin_label=&#8221;Title, Paragraph &amp; Call To Action&#8221; _builder_version=&#8221;4.16&#8243; header_font=&#8221;Tenor Sans|||on|||||&#8221; header_text_color=&#8221;#000000&#8243; header_font_size=&#8221;28px&#8221; header_line_height=&#8221;1.5em&#8221; body_font=&#8221;Lato||||||||&#8221; body_text_color=&#8221;#000000&#8243; body_font_size=&#8221;16px&#8221; body_line_height=&#8221;1.5em&#8221; use_background_color=&#8221;off&#8221; custom_button=&#8221;on&#8221; button_text_size=&#8221;16px&#8221; button_text_color=&#8221;#000000&#8243; button_border_color=&#8221;#000000&#8243; button_font=&#8221;Lato||||||||&#8221; text_orientation=&#8221;left&#8221; background_layout=&#8221;light&#8221; min_height=&#8221;386px&#8221; custom_margin=&#8221;-8px|||||&#8221; custom_margin_tablet=&#8221;0px|||&#8221; custom_margin_phone=&#8221;5px||100px||false|false&#8221; custom_margin_last_edited=&#8221;on|tablet&#8221; custom_padding=&#8221;||60px||false|false&#8221; custom_padding_tablet=&#8221;&#8221; custom_padding_phone=&#8221;5px||150px||false|false&#8221; custom_padding_last_edited=&#8221;on|phone&#8221; link_option_url_new_window=&#8221;on&#8221; button_text_color_hover=&#8221;#ffffff&#8221; button_border_color_hover=&#8221;rgba(0,0,0,0)&#8221; button_border_radius_hover=&#8221;28px&#8221; button_letter_spacing_hover=&#8221;2px&#8221; button_bg_color_hover=&#8221;rgba(0,0,0,0.7)&#8221; global_colors_info=&#8221;{}&#8221; button_text_size__hover_enabled=&#8221;off&#8221; button_one_text_size__hover_enabled=&#8221;off&#8221; button_two_text_size__hover_enabled=&#8221;off&#8221; button_text_color__hover_enabled=&#8221;on&#8221; button_text_color__hover=&#8221;#ffffff&#8221; button_one_text_color__hover_enabled=&#8221;off&#8221; button_two_text_color__hover_enabled=&#8221;off&#8221; button_border_width__hover_enabled=&#8221;off&#8221; button_one_border_width__hover_enabled=&#8221;off&#8221; button_two_border_width__hover_enabled=&#8221;off&#8221; button_border_color__hover_enabled=&#8221;on&#8221; button_border_color__hover=&#8221;rgba(0,0,0,0)&#8221; button_one_border_color__hover_enabled=&#8221;off&#8221; button_two_border_color__hover_enabled=&#8221;off&#8221; button_border_radius__hover_enabled=&#8221;on&#8221; button_border_radius__hover=&#8221;28px&#8221; button_one_border_radius__hover_enabled=&#8221;off&#8221; button_two_border_radius__hover_enabled=&#8221;off&#8221; button_letter_spacing__hover_enabled=&#8221;on&#8221; button_letter_spacing__hover=&#8221;2px&#8221; button_one_letter_spacing__hover_enabled=&#8221;off&#8221; button_two_letter_spacing__hover_enabled=&#8221;off&#8221; button_bg_color__hover_enabled=&#8221;on&#8221; button_bg_color__hover=&#8221;rgba(0,0,0,0.7)&#8221; button_one_bg_color__hover_enabled=&#8221;off&#8221; button_two_bg_color__hover_enabled=&#8221;off&#8221;]<\/p>\n<p>&nbsp;<\/p>\n<p><span class=\"JsGRdQ\">Esto hace que combinar los productos perfectos sea mucho m\u00e1s f\u00e1cil y barato para TI.<\/span><\/p>\n<p>Cada paquete se adapta a tus objetivos espec\u00edficos y a lo que es mejor para tu rutina y estilo de vida.<\/p>\n<p>Hemos emparejado algunas de las combinaciones de productos m\u00e1s populares de nuestros clientes m\u00e1s frecuentes &#8211; \u00a1estas son combinaciones en las que sabes que puedes confiar!<\/p>\n<p>Por \u00faltimo, pero no menos importante, emparejamos la cantidad correcta de porciones de producto que necesita por paquete, para que pueda tener la cantidad correcta de suministro hasta que necesite volver a realizar el pedido.<\/p>\n<p>&nbsp;<\/p>\n<p>[\/et_pb_cta][\/et_pb_column][\/et_pb_row][\/et_pb_section]<\/p>\n","protected":false},"excerpt":{"rendered":"<p>PAQUETE DE HOLIDAY SPARKLE Este paquete es una oferta exclusiva de Holiday 2023. Se puede comprar hasta el 31 de diciembre a las 11:59pm ET. Este d\u00fao \u00fanico de Bravenly Bliss y Bravenly Glow est\u00e1 meticulosamente elaborado para a\u00f1adir un toque de brillo a tus celebraciones festivas. Bravenly Bliss: Sum\u00e9rgete en el relajante mundo de [&hellip;]<\/p>\n","protected":false},"author":191432655,"featured_media":0,"parent":0,"menu_order":0,"comment_status":"closed","ping_status":"closed","template":"","meta":{"_et_pb_use_builder":"on","_et_pb_old_content":"","_et_gb_content_width":"","_coblocks_attr":"","_coblocks_dimensions":"","_coblocks_responsive_height":"","_coblocks_accordion_ie_support":"","footnotes":""},"class_list":["post-15404","page","type-page","status-publish","hentry"],"_links":{"self":[{"href":"https:\/\/nikkicrews.bravenlyglobal.com\/es\/wp-json\/wp\/v2\/pages\/15404","targetHints":{"allow":["GET"]}}],"collection":[{"href":"https:\/\/nikkicrews.bravenlyglobal.com\/es\/wp-json\/wp\/v2\/pages"}],"about":[{"href":"https:\/\/nikkicrews.bravenlyglobal.com\/es\/wp-json\/wp\/v2\/types\/page"}],"author":[{"embeddable":true,"href":"https:\/\/nikkicrews.bravenlyglobal.com\/es\/wp-json\/wp\/v2\/users\/191432655"}],"replies":[{"embeddable":true,"href":"https:\/\/nikkicrews.bravenlyglobal.com\/es\/wp-json\/wp\/v2\/comments?post=15404"}],"version-history":[{"count":5,"href":"https:\/\/nikkicrews.bravenlyglobal.com\/es\/wp-json\/wp\/v2\/pages\/15404\/revisions"}],"predecessor-version":[{"id":16757,"href":"https:\/\/nikkicrews.bravenlyglobal.com\/es\/wp-json\/wp\/v2\/pages\/15404\/revisions\/16757"}],"wp:attachment":[{"href":"https:\/\/nikkicrews.bravenlyglobal.com\/es\/wp-json\/wp\/v2\/media?parent=15404"}],"curies":[{"name":"wp","href":"https:\/\/api.w.org\/{rel}","templated":true}]}}